{"id":9866,"date":"2024-09-04T15:32:53","date_gmt":"2024-09-04T19:32:53","guid":{"rendered":"https:\/\/ideomdiagroupe.com\/acti-sol\/?page_id=9866"},"modified":"2024-10-22T14:50:19","modified_gmt":"2024-10-22T18:50:19","slug":"fresh-concentrated-seaweed","status":"publish","type":"page","link":"https:\/\/acti-sol.ca\/en\/shop\/fresh-concentrated-seaweed\/","title":{"rendered":"Fresh concentrated seaweed"},"content":{"rendered":"\t\t<div data-elementor-type=\"wp-page\" data-elementor-id=\"9866\" class=\"elementor elementor-9866\">\n\t\t\t\t<div class=\"elementor-element elementor-element-6f99f59 e-flex e-con-boxed e-con e-parent\" data-id=\"6f99f59\" data-element_type=\"container\" data-settings=\"{&quot;background_background&quot;:&quot;classic&quot;}\">\n\t\t\t\t\t<div class=\"e-con-inner\">\n\t\t<div class=\"elementor-element elementor-element-f2dd523 e-con-full e-flex e-con e-child\" data-id=\"f2dd523\" data-element_type=\"container\">\n\t\t<div class=\"elementor-element elementor-element-9ceb153 e-con-full e-flex e-con e-child\" data-id=\"9ceb153\" data-element_type=\"container\">\n\t\t\t\t<div class=\"elementor-element elementor-element-be15103 elementor-widget elementor-widget-heading\" data-id=\"be15103\" data-element_type=\"widget\" data-widget_type=\"heading.default\">\n\t\t\t\t<div class=\"elementor-widget-container\">\n\t\t\t\t\t<h2 class=\"elementor-heading-title elementor-size-default\">Fresh concentrated seaweed<\/h2>\t\t\t\t<\/div>\n\t\t\t\t<\/div>\n\t\t\t\t<\/div>\n\t\t\t\t<\/div>\n\t\t<div class=\"elementor-element elementor-element-b8a74da e-con-full e-flex e-con e-child\" data-id=\"b8a74da\" data-element_type=\"container\">\n\t\t<div class=\"elementor-element elementor-element-23d0b0c e-con-full e-flex e-con e-child\" data-id=\"23d0b0c\" data-element_type=\"container\">\n\t\t<div class=\"elementor-element elementor-element-7bed00d e-con-full e-flex e-con e-child\" data-id=\"7bed00d\" data-element_type=\"container\">\n\t\t\t\t<div class=\"elementor-element elementor-element-7a64540 uael-woo--align-center uael-sale-flash-circle uael-featured-flash-circle elementor-widget elementor-widget-uael-woo-products\" data-id=\"7a64540\" data-element_type=\"widget\" data-settings=\"{&quot;products_columns&quot;:&quot;5&quot;,&quot;products_columns_tablet&quot;:&quot;3&quot;,&quot;products_columns_mobile&quot;:&quot;1&quot;}\" data-widget_type=\"uael-woo-products.grid-default\">\n\t\t\t\t<div class=\"elementor-widget-container\">\n\t\t\t\t\t<div class=\"uael-woocommerce uael-woo-products-grid uael-woo-skin-grid-default uael-woo-query-custom\" data-page=\"9866\" data-skin=\"grid_default\"><div class=\" columns-5 uael-woo-products-inner uael-woo-product__column-5 uael-woo-product__column-tablet-3 uael-woo-product__column-mobile-1\"><ul class=\"products columns-5\">\n\n\n<li class=\" fertilizer flowers fresh concentrated seaweed shop vegetable &amp; fruits post-9650 product first instock taxable shipping-taxable purchasable product-type-simple\">\n\t<div class=\"uael-woo-product-wrapper uael-prod-auto-align-disabled\">\n\t\t<div class=\"uael-woo-products-thumbnail-wrap\"><div class=\"uael-flash-container \"><\/div><a href=\"https:\/\/acti-sol.ca\/en\/produit\/natural-fertilizer-concentrated-fresh-seaweed-0-6-0-6-1-l\/\" class=\"woocommerce-LoopProduct-link woocommerce-loop-product__link\"><img fetchpriority=\"high\" decoding=\"async\" width=\"400\" height=\"400\" src=\"data:image\/gif;base64,R0lGODlhAQABAIAAAAAAAP\/\/\/yH5BAEAAAAALAAAAAABAAEAAAIBRAA7\" data-src=\"https:\/\/acti-sol.ca\/wp-content\/uploads\/2024\/09\/Acadie_1L-algues-fraiches-bouteille-400x400.webp\" class=\"attachment-woocommerce_thumbnail size-woocommerce_thumbnail lazyload\" alt=\"ACADIE Algues fraiches 1L\" \/><noscript><img decoding=\"async\" width=\"400\" height=\"400\" src=\"https:\/\/acti-sol.ca\/wp-content\/uploads\/2024\/09\/Acadie_1L-algues-fraiches-bouteille-400x400.webp\" class=\"attachment-woocommerce_thumbnail size-woocommerce_thumbnail lazyload\" alt=\"ACADIE Algues fraiches 1L\" \/><\/noscript><\/a><\/div><div class=\"uael-woo-products-summary-wrap uael-auto-align-disabled\"><a href=\"https:\/\/acti-sol.ca\/en\/produit\/natural-fertilizer-concentrated-fresh-seaweed-0-6-0-6-1-l\/\" class=\"uael-loop-product__link\"><h2 class=\"woocommerce-loop-product__title\">Natural fertilizer concentrated fresh seaweed <br>0.6-0-6 &#8211; 1 L<\/h2><\/a>\n\t<span class=\"price\"><span class=\"woocommerce-Price-amount amount\"><bdi>34.99&nbsp;<span class=\"woocommerce-Price-currencySymbol\">&#36;<\/span><\/bdi><\/span><\/span>\n<a href=\"?add-to-cart=9650\" aria-describedby=\"woocommerce_loop_add_to_cart_link_describedby_9650\" data-quantity=\"1\" class=\"button product_type_simple add_to_cart_button ajax_add_to_cart\" data-product_id=\"9650\" data-product_sku=\"ALGL1L\" aria-label=\"Add to cart: &ldquo;Natural fertilizer concentrated fresh seaweed 0.6-0-6 - 1 L&rdquo;\" rel=\"nofollow\" data-success_message=\"&ldquo;Natural fertilizer concentrated fresh seaweed &lt;br&gt;0.6-0-6 - 1 L&rdquo; has been added to your cart\">Add to cart<\/a>\t<span id=\"woocommerce_loop_add_to_cart_link_describedby_9650\" class=\"screen-reader-text\">\n\t\t\t<\/span>\n<\/div>\t<\/div>\n<\/li>\n\n\n<li class=\" fertilizer flowers fresh concentrated seaweed shop vegetable &amp; fruits post-9643 product  instock taxable shipping-taxable purchasable product-type-simple\">\n\t<div class=\"uael-woo-product-wrapper uael-prod-auto-align-disabled\">\n\t\t<div class=\"uael-woo-products-thumbnail-wrap\"><div class=\"uael-flash-container \"><\/div><a href=\"https:\/\/acti-sol.ca\/en\/produit\/natural-fertilizer-concentrated-fresh-seaweed-0-6-0-6-500-ml\/\" class=\"woocommerce-LoopProduct-link woocommerce-loop-product__link\"><img decoding=\"async\" width=\"400\" height=\"400\" src=\"data:image\/gif;base64,R0lGODlhAQABAIAAAAAAAP\/\/\/yH5BAEAAAAALAAAAAABAAEAAAIBRAA7\" data-src=\"https:\/\/acti-sol.ca\/wp-content\/uploads\/2024\/09\/ACADIE_Algues-fraiches2018_500ml-400x400.webp\" class=\"attachment-woocommerce_thumbnail size-woocommerce_thumbnail lazyload\" alt=\"ACADIE Algues fraiches 500ml\" \/><noscript><img loading=\"lazy\" decoding=\"async\" width=\"400\" height=\"400\" src=\"https:\/\/acti-sol.ca\/wp-content\/uploads\/2024\/09\/ACADIE_Algues-fraiches2018_500ml-400x400.webp\" class=\"attachment-woocommerce_thumbnail size-woocommerce_thumbnail lazyload\" alt=\"ACADIE Algues fraiches 500ml\" \/><\/noscript><\/a><\/div><div class=\"uael-woo-products-summary-wrap uael-auto-align-disabled\"><a href=\"https:\/\/acti-sol.ca\/en\/produit\/natural-fertilizer-concentrated-fresh-seaweed-0-6-0-6-500-ml\/\" class=\"uael-loop-product__link\"><h2 class=\"woocommerce-loop-product__title\">Natural fertilizer concentrated fresh seaweed <br>0.6-0-6 &#8211; 500 ml<\/h2><\/a>\n\t<span class=\"price\"><span class=\"woocommerce-Price-amount amount\"><bdi>22.99&nbsp;<span class=\"woocommerce-Price-currencySymbol\">&#36;<\/span><\/bdi><\/span><\/span>\n<a href=\"?add-to-cart=9643\" aria-describedby=\"woocommerce_loop_add_to_cart_link_describedby_9643\" data-quantity=\"1\" class=\"button product_type_simple add_to_cart_button ajax_add_to_cart\" data-product_id=\"9643\" data-product_sku=\"ALGL500\" aria-label=\"Add to cart: &ldquo;Natural fertilizer concentrated fresh seaweed 0.6-0-6 - 500 ml&rdquo;\" rel=\"nofollow\" data-success_message=\"&ldquo;Natural fertilizer concentrated fresh seaweed &lt;br&gt;0.6-0-6 - 500 ml&rdquo; has been added to your cart\">Add to cart<\/a>\t<span id=\"woocommerce_loop_add_to_cart_link_describedby_9643\" class=\"screen-reader-text\">\n\t\t\t<\/span>\n<\/div>\t<\/div>\n<\/li>\n\n\n<li class=\" fertilizer flowers fresh concentrated seaweed shop vegetable &amp; fruits post-9636 product  instock taxable shipping-taxable purchasable product-type-simple\">\n\t<div class=\"uael-woo-product-wrapper uael-prod-auto-align-disabled\">\n\t\t<div class=\"uael-woo-products-thumbnail-wrap\"><div class=\"uael-flash-container \"><\/div><a href=\"https:\/\/acti-sol.ca\/en\/produit\/natural-fertilizer-concentrated-fresh-seaweed-0-6-0-6-250ml\/\" class=\"woocommerce-LoopProduct-link woocommerce-loop-product__link\"><img loading=\"lazy\" decoding=\"async\" width=\"400\" height=\"400\" src=\"data:image\/gif;base64,R0lGODlhAQABAIAAAAAAAP\/\/\/yH5BAEAAAAALAAAAAABAAEAAAIBRAA7\" data-src=\"https:\/\/acti-sol.ca\/wp-content\/uploads\/2024\/09\/ACADIE_Algues-fraiches2018_250ml-400x400.webp\" class=\"attachment-woocommerce_thumbnail size-woocommerce_thumbnail lazyload\" alt=\"ACADIE Algues fraiches 250ml\" \/><noscript><img loading=\"lazy\" decoding=\"async\" width=\"400\" height=\"400\" src=\"https:\/\/acti-sol.ca\/wp-content\/uploads\/2024\/09\/ACADIE_Algues-fraiches2018_250ml-400x400.webp\" class=\"attachment-woocommerce_thumbnail size-woocommerce_thumbnail lazyload\" alt=\"ACADIE Algues fraiches 250ml\" \/><\/noscript><\/a><\/div><div class=\"uael-woo-products-summary-wrap uael-auto-align-disabled\"><a href=\"https:\/\/acti-sol.ca\/en\/produit\/natural-fertilizer-concentrated-fresh-seaweed-0-6-0-6-250ml\/\" class=\"uael-loop-product__link\"><h2 class=\"woocommerce-loop-product__title\">Natural fertilizer concentrated fresh seaweed <br>0.6-0-6 &#8211; 250ml<\/h2><\/a>\n\t<span class=\"price\"><span class=\"woocommerce-Price-amount amount\"><bdi>15.99&nbsp;<span class=\"woocommerce-Price-currencySymbol\">&#36;<\/span><\/bdi><\/span><\/span>\n<a href=\"?add-to-cart=9636\" aria-describedby=\"woocommerce_loop_add_to_cart_link_describedby_9636\" data-quantity=\"1\" class=\"button product_type_simple add_to_cart_button ajax_add_to_cart\" data-product_id=\"9636\" data-product_sku=\"ALGL250\" aria-label=\"Add to cart: &ldquo;Natural fertilizer concentrated fresh seaweed 0.6-0-6 - 250ml&rdquo;\" rel=\"nofollow\" data-success_message=\"&ldquo;Natural fertilizer concentrated fresh seaweed &lt;br&gt;0.6-0-6 - 250ml&rdquo; has been added to your cart\">Add to cart<\/a>\t<span id=\"woocommerce_loop_add_to_cart_link_describedby_9636\" class=\"screen-reader-text\">\n\t\t\t<\/span>\n<\/div>\t<\/div>\n<\/li>\n<\/ul>\n<\/div><\/div>\t\t\t\t<\/div>\n\t\t\t\t<\/div>\n\t\t\t\t<\/div>\n\t\t\t\t<\/div>\n\t\t<div class=\"elementor-element elementor-element-bd5e373 e-con-full e-flex e-con e-child\" data-id=\"bd5e373\" data-element_type=\"container\">\n\t\t<div class=\"elementor-element elementor-element-0cc7731 e-con-full e-flex e-con e-child\" data-id=\"0cc7731\" data-element_type=\"container\">\n\t\t\t\t<div class=\"elementor-element elementor-element-ce99718 elementor-align-center elementor-mobile-align-center elementor-tablet-align-center elementor-widget elementor-widget-button\" data-id=\"ce99718\" data-element_type=\"widget\" data-widget_type=\"button.default\">\n\t\t\t\t<div class=\"elementor-widget-container\">\n\t\t\t\t\t\t\t\t\t<div class=\"elementor-button-wrapper\">\n\t\t\t\t\t<a class=\"elementor-button elementor-button-link elementor-size-sm\" href=\"https:\/\/acti-sol.ca\/en\/shop\/\">\n\t\t\t\t\t\t<span class=\"elementor-button-content-wrapper\">\n\t\t\t\t\t\t<span class=\"elementor-button-icon\">\n\t\t\t\t\t\t\t<\/span>\n\t\t\t\t\t\t\t\t\t<span class=\"elementor-button-text\">Back to the shop<\/span>\n\t\t\t\t\t<\/span>\n\t\t\t\t\t<\/a>\n\t\t\t\t<\/div>\n\t\t\t\t\t\t\t\t<\/div>\n\t\t\t\t<\/div>\n\t\t\t\t<\/div>\n\t\t\t\t<\/div>\n\t\t\t\t<\/div>\n\t\t\t\t\t<\/div>\n\t\t\t\t<\/div>\n\t\t\t\t<\/div>\n\t\t","protected":false},"excerpt":{"rendered":"<p>Fresh concentrated seaweed Engrais naturel algues fra\u00eeches concentr\u00e9es 0,6-0-6 &#8211; 1 L &#36;34.65 En savoir plus Engrais naturel algues fra\u00eeches concentr\u00e9es 0,6-0-6 &#8211; 500 ml &#36;22.57 En savoir plus Engrais naturel algues fra\u00eeches concentr\u00e9es 0,6-0-6 &#8211; 250ml &#36;15.57 En savoir plus Back to the shop<\/p>\n","protected":false},"author":1,"featured_media":0,"parent":9786,"menu_order":0,"comment_status":"closed","ping_status":"closed","template":"","meta":{"site-sidebar-layout":"no-sidebar","site-content-layout":"page-builder","ast-site-content-layout":"full-width-container","site-content-style":"unboxed","site-sidebar-style":"unboxed","ast-global-header-display":"","ast-banner-title-visibility":"","ast-main-header-display":"","ast-hfb-above-header-display":"","ast-hfb-below-header-display":"","ast-hfb-mobile-header-display":"","site-post-title":"disabled","ast-breadcrumbs-content":"","ast-featured-img":"disabled","footer-sml-layout":"","theme-transparent-header-meta":"default","adv-header-id-meta":"","stick-header-meta":"","header-above-stick-meta":"","header-main-stick-meta":"","header-below-stick-meta":"","astra-migrate-meta-layouts":"set","ast-page-background-enabled":"default","ast-page-background-meta":{"desktop":{"background-color":"","background-image":"","background-repeat":"repeat","background-position":"center center","background-size":"auto","background-attachment":"scroll","background-type":"","background-media":"","overlay-type":"","overlay-color":"","overlay-opacity":"","overlay-gradient":""},"tablet":{"background-color":"","background-image":"","background-repeat":"repeat","background-position":"center center","background-size":"auto","background-attachment":"scroll","background-type":"","background-media":"","overlay-type":"","overlay-color":"","overlay-opacity":"","overlay-gradient":""},"mobile":{"background-color":"","background-image":"","background-repeat":"repeat","background-position":"center center","background-size":"auto","background-attachment":"scroll","background-type":"","background-media":"","overlay-type":"","overlay-color":"","overlay-opacity":"","overlay-gradient":""}},"ast-content-background-meta":{"desktop":{"background-color":"var(--ast-global-color-5)","background-image":"","background-repeat":"repeat","background-position":"center center","background-size":"auto","background-attachment":"scroll","background-type":"","background-media":"","overlay-type":"","overlay-color":"","overlay-opacity":"","overlay-gradient":""},"tablet":{"background-color":"var(--ast-global-color-5)","background-image":"","background-repeat":"repeat","background-position":"center center","background-size":"auto","background-attachment":"scroll","background-type":"","background-media":"","overlay-type":"","overlay-color":"","overlay-opacity":"","overlay-gradient":""},"mobile":{"background-color":"var(--ast-global-color-5)","background-image":"","background-repeat":"repeat","background-position":"center center","background-size":"auto","background-attachment":"scroll","background-type":"","background-media":"","overlay-type":"","overlay-color":"","overlay-opacity":"","overlay-gradient":""}},"footnotes":""},"class_list":["post-9866","page","type-page","status-publish","hentry","desktop-align-center","tablet-align-center","mobile-align-center"],"yoast_head":"<!-- This site is optimized with the Yoast SEO plugin v26.7 - https:\/\/yoast.com\/wordpress\/plugins\/seo\/ -->\n<title>Fresh concentrated seaweed - Acti-Sol<\/title>\n<meta name=\"robots\" content=\"index, follow, max-snippet:-1, max-image-preview:large, max-video-preview:-1\" \/>\n<link rel=\"canonical\" href=\"https:\/\/acti-sol.ca\/en\/shop\/fresh-concentrated-seaweed\/\" \/>\n<meta property=\"og:locale\" content=\"en_US\" \/>\n<meta property=\"og:type\" content=\"article\" \/>\n<meta property=\"og:title\" content=\"Fresh concentrated seaweed - Acti-Sol\" \/>\n<meta property=\"og:description\" content=\"Fresh concentrated seaweed Engrais naturel algues fra\u00eeches concentr\u00e9es 0,6-0-6 &#8211; 1 L &#036;34.65 En savoir plus Engrais naturel algues fra\u00eeches concentr\u00e9es 0,6-0-6 &#8211; 500 ml &#036;22.57 En savoir plus Engrais naturel algues fra\u00eeches concentr\u00e9es 0,6-0-6 &#8211; 250ml &#036;15.57 En savoir plus Back to the shop\" \/>\n<meta property=\"og:url\" content=\"https:\/\/acti-sol.ca\/en\/shop\/fresh-concentrated-seaweed\/\" \/>\n<meta property=\"og:site_name\" content=\"Acti-Sol\" \/>\n<meta property=\"article:publisher\" content=\"https:\/\/www.facebook.com\/engrais.actisol\/\" \/>\n<meta property=\"article:modified_time\" content=\"2024-10-22T18:50:19+00:00\" \/>\n<meta property=\"og:image\" content=\"https:\/\/acti-sol.ca\/wp-content\/uploads\/2024\/09\/Acadie_1L-algues-fraiches-bouteille-400x400.webp\" \/>\n<meta name=\"twitter:card\" content=\"summary_large_image\" \/>\n<meta name=\"twitter:site\" content=\"@engraisACTISOL\" \/>\n<meta name=\"twitter:label1\" content=\"Est. reading time\" \/>\n\t<meta name=\"twitter:data1\" content=\"1 minute\" \/>\n<script type=\"application\/ld+json\" class=\"yoast-schema-graph\">{\"@context\":\"https:\/\/schema.org\",\"@graph\":[{\"@type\":\"WebPage\",\"@id\":\"https:\/\/acti-sol.ca\/en\/shop\/fresh-concentrated-seaweed\/\",\"url\":\"https:\/\/acti-sol.ca\/en\/shop\/fresh-concentrated-seaweed\/\",\"name\":\"Fresh concentrated seaweed - Acti-Sol\",\"isPartOf\":{\"@id\":\"https:\/\/acti-sol.ca\/en\/#website\"},\"primaryImageOfPage\":{\"@id\":\"https:\/\/acti-sol.ca\/en\/shop\/fresh-concentrated-seaweed\/#primaryimage\"},\"image\":{\"@id\":\"https:\/\/acti-sol.ca\/en\/shop\/fresh-concentrated-seaweed\/#primaryimage\"},\"thumbnailUrl\":\"https:\/\/acti-sol.ca\/wp-content\/uploads\/2024\/09\/Acadie_1L-algues-fraiches-bouteille-400x400.webp\",\"datePublished\":\"2024-09-04T19:32:53+00:00\",\"dateModified\":\"2024-10-22T18:50:19+00:00\",\"breadcrumb\":{\"@id\":\"https:\/\/acti-sol.ca\/en\/shop\/fresh-concentrated-seaweed\/#breadcrumb\"},\"inLanguage\":\"en-US\",\"potentialAction\":[{\"@type\":\"ReadAction\",\"target\":[\"https:\/\/acti-sol.ca\/en\/shop\/fresh-concentrated-seaweed\/\"]}]},{\"@type\":\"ImageObject\",\"inLanguage\":\"en-US\",\"@id\":\"https:\/\/acti-sol.ca\/en\/shop\/fresh-concentrated-seaweed\/#primaryimage\",\"url\":\"https:\/\/acti-sol.ca\/wp-content\/uploads\/2024\/09\/Acadie_1L-algues-fraiches-bouteille-400x400.webp\",\"contentUrl\":\"https:\/\/acti-sol.ca\/wp-content\/uploads\/2024\/09\/Acadie_1L-algues-fraiches-bouteille-400x400.webp\"},{\"@type\":\"BreadcrumbList\",\"@id\":\"https:\/\/acti-sol.ca\/en\/shop\/fresh-concentrated-seaweed\/#breadcrumb\",\"itemListElement\":[{\"@type\":\"ListItem\",\"position\":1,\"name\":\"Accueil\",\"item\":\"https:\/\/acti-sol.ca\/en\/\"},{\"@type\":\"ListItem\",\"position\":2,\"name\":\"Natural fertilizers\",\"item\":\"https:\/\/acti-sol.ca\/en\/shop\/\"},{\"@type\":\"ListItem\",\"position\":3,\"name\":\"Fresh concentrated seaweed\"}]},{\"@type\":\"WebSite\",\"@id\":\"https:\/\/acti-sol.ca\/en\/#website\",\"url\":\"https:\/\/acti-sol.ca\/en\/\",\"name\":\"Acti-Sol\",\"description\":\"\",\"publisher\":{\"@id\":\"https:\/\/acti-sol.ca\/en\/#organization\"},\"potentialAction\":[{\"@type\":\"SearchAction\",\"target\":{\"@type\":\"EntryPoint\",\"urlTemplate\":\"https:\/\/acti-sol.ca\/en\/?s={search_term_string}\"},\"query-input\":{\"@type\":\"PropertyValueSpecification\",\"valueRequired\":true,\"valueName\":\"search_term_string\"}}],\"inLanguage\":\"en-US\"},{\"@type\":\"Organization\",\"@id\":\"https:\/\/acti-sol.ca\/en\/#organization\",\"name\":\"Acti-Sol\",\"url\":\"https:\/\/acti-sol.ca\/en\/\",\"logo\":{\"@type\":\"ImageObject\",\"inLanguage\":\"en-US\",\"@id\":\"https:\/\/acti-sol.ca\/en\/#\/schema\/logo\/image\/\",\"url\":\"https:\/\/acti-sol.ca\/wp-content\/uploads\/2024\/07\/logo-acti-sol-engrais-naturel-fr.svg\",\"contentUrl\":\"https:\/\/acti-sol.ca\/wp-content\/uploads\/2024\/07\/logo-acti-sol-engrais-naturel-fr.svg\",\"width\":241,\"height\":132,\"caption\":\"Acti-Sol\"},\"image\":{\"@id\":\"https:\/\/acti-sol.ca\/en\/#\/schema\/logo\/image\/\"},\"sameAs\":[\"https:\/\/www.facebook.com\/engrais.actisol\/\",\"https:\/\/x.com\/engraisACTISOL\",\"https:\/\/www.youtube.com\/channel\/UCr5F6jkGCm-YfTHfMEM1eig\",\"https:\/\/www.pinterest.ca\/actisol\/\"]}]}<\/script>\n<!-- \/ Yoast SEO plugin. -->","yoast_head_json":{"title":"Fresh concentrated seaweed - Acti-Sol","robots":{"index":"index","follow":"follow","max-snippet":"max-snippet:-1","max-image-preview":"max-image-preview:large","max-video-preview":"max-video-preview:-1"},"canonical":"https:\/\/acti-sol.ca\/en\/shop\/fresh-concentrated-seaweed\/","og_locale":"en_US","og_type":"article","og_title":"Fresh concentrated seaweed - Acti-Sol","og_description":"Fresh concentrated seaweed Engrais naturel algues fra\u00eeches concentr\u00e9es 0,6-0-6 &#8211; 1 L &#36;34.65 En savoir plus Engrais naturel algues fra\u00eeches concentr\u00e9es 0,6-0-6 &#8211; 500 ml &#36;22.57 En savoir plus Engrais naturel algues fra\u00eeches concentr\u00e9es 0,6-0-6 &#8211; 250ml &#36;15.57 En savoir plus Back to the shop","og_url":"https:\/\/acti-sol.ca\/en\/shop\/fresh-concentrated-seaweed\/","og_site_name":"Acti-Sol","article_publisher":"https:\/\/www.facebook.com\/engrais.actisol\/","article_modified_time":"2024-10-22T18:50:19+00:00","og_image":[{"url":"https:\/\/acti-sol.ca\/wp-content\/uploads\/2024\/09\/Acadie_1L-algues-fraiches-bouteille-400x400.webp","type":"","width":"","height":""}],"twitter_card":"summary_large_image","twitter_site":"@engraisACTISOL","twitter_misc":{"Est. reading time":"1 minute"},"schema":{"@context":"https:\/\/schema.org","@graph":[{"@type":"WebPage","@id":"https:\/\/acti-sol.ca\/en\/shop\/fresh-concentrated-seaweed\/","url":"https:\/\/acti-sol.ca\/en\/shop\/fresh-concentrated-seaweed\/","name":"Fresh concentrated seaweed - Acti-Sol","isPartOf":{"@id":"https:\/\/acti-sol.ca\/en\/#website"},"primaryImageOfPage":{"@id":"https:\/\/acti-sol.ca\/en\/shop\/fresh-concentrated-seaweed\/#primaryimage"},"image":{"@id":"https:\/\/acti-sol.ca\/en\/shop\/fresh-concentrated-seaweed\/#primaryimage"},"thumbnailUrl":"https:\/\/acti-sol.ca\/wp-content\/uploads\/2024\/09\/Acadie_1L-algues-fraiches-bouteille-400x400.webp","datePublished":"2024-09-04T19:32:53+00:00","dateModified":"2024-10-22T18:50:19+00:00","breadcrumb":{"@id":"https:\/\/acti-sol.ca\/en\/shop\/fresh-concentrated-seaweed\/#breadcrumb"},"inLanguage":"en-US","potentialAction":[{"@type":"ReadAction","target":["https:\/\/acti-sol.ca\/en\/shop\/fresh-concentrated-seaweed\/"]}]},{"@type":"ImageObject","inLanguage":"en-US","@id":"https:\/\/acti-sol.ca\/en\/shop\/fresh-concentrated-seaweed\/#primaryimage","url":"https:\/\/acti-sol.ca\/wp-content\/uploads\/2024\/09\/Acadie_1L-algues-fraiches-bouteille-400x400.webp","contentUrl":"https:\/\/acti-sol.ca\/wp-content\/uploads\/2024\/09\/Acadie_1L-algues-fraiches-bouteille-400x400.webp"},{"@type":"BreadcrumbList","@id":"https:\/\/acti-sol.ca\/en\/shop\/fresh-concentrated-seaweed\/#breadcrumb","itemListElement":[{"@type":"ListItem","position":1,"name":"Accueil","item":"https:\/\/acti-sol.ca\/en\/"},{"@type":"ListItem","position":2,"name":"Natural fertilizers","item":"https:\/\/acti-sol.ca\/en\/shop\/"},{"@type":"ListItem","position":3,"name":"Fresh concentrated seaweed"}]},{"@type":"WebSite","@id":"https:\/\/acti-sol.ca\/en\/#website","url":"https:\/\/acti-sol.ca\/en\/","name":"Acti-Sol","description":"","publisher":{"@id":"https:\/\/acti-sol.ca\/en\/#organization"},"potentialAction":[{"@type":"SearchAction","target":{"@type":"EntryPoint","urlTemplate":"https:\/\/acti-sol.ca\/en\/?s={search_term_string}"},"query-input":{"@type":"PropertyValueSpecification","valueRequired":true,"valueName":"search_term_string"}}],"inLanguage":"en-US"},{"@type":"Organization","@id":"https:\/\/acti-sol.ca\/en\/#organization","name":"Acti-Sol","url":"https:\/\/acti-sol.ca\/en\/","logo":{"@type":"ImageObject","inLanguage":"en-US","@id":"https:\/\/acti-sol.ca\/en\/#\/schema\/logo\/image\/","url":"https:\/\/acti-sol.ca\/wp-content\/uploads\/2024\/07\/logo-acti-sol-engrais-naturel-fr.svg","contentUrl":"https:\/\/acti-sol.ca\/wp-content\/uploads\/2024\/07\/logo-acti-sol-engrais-naturel-fr.svg","width":241,"height":132,"caption":"Acti-Sol"},"image":{"@id":"https:\/\/acti-sol.ca\/en\/#\/schema\/logo\/image\/"},"sameAs":["https:\/\/www.facebook.com\/engrais.actisol\/","https:\/\/x.com\/engraisACTISOL","https:\/\/www.youtube.com\/channel\/UCr5F6jkGCm-YfTHfMEM1eig","https:\/\/www.pinterest.ca\/actisol\/"]}]}},"jetpack_sharing_enabled":true,"rttpg_featured_image_url":null,"rttpg_author":{"display_name":"ideo01","author_link":"https:\/\/acti-sol.ca\/en\/author\/ideo01\/"},"rttpg_comment":0,"rttpg_category":" <a href=\"https:\/\/acti-sol.ca\/en\/?taxonomy=translation_priority&#038;term=optional-2\" rel=\"tag\">Optional<\/a>","rttpg_excerpt":"Fresh concentrated seaweed Engrais naturel algues fra\u00eeches concentr\u00e9es 0,6-0-6 &#8211; 1 L &#36;34.65 En savoir plus Engrais naturel algues fra\u00eeches concentr\u00e9es 0,6-0-6 &#8211; 500 ml &#36;22.57 En savoir plus Engrais naturel algues fra\u00eeches concentr\u00e9es 0,6-0-6 &#8211; 250ml &#36;15.57 En savoir plus Back to the shop","_links":{"self":[{"href":"https:\/\/acti-sol.ca\/en\/wp-json\/wp\/v2\/pages\/9866","targetHints":{"allow":["GET"]}}],"collection":[{"href":"https:\/\/acti-sol.ca\/en\/wp-json\/wp\/v2\/pages"}],"about":[{"href":"https:\/\/acti-sol.ca\/en\/wp-json\/wp\/v2\/types\/page"}],"author":[{"embeddable":true,"href":"https:\/\/acti-sol.ca\/en\/wp-json\/wp\/v2\/users\/1"}],"replies":[{"embeddable":true,"href":"https:\/\/acti-sol.ca\/en\/wp-json\/wp\/v2\/comments?post=9866"}],"version-history":[{"count":0,"href":"https:\/\/acti-sol.ca\/en\/wp-json\/wp\/v2\/pages\/9866\/revisions"}],"up":[{"embeddable":true,"href":"https:\/\/acti-sol.ca\/en\/wp-json\/wp\/v2\/pages\/9786"}],"wp:attachment":[{"href":"https:\/\/acti-sol.ca\/en\/wp-json\/wp\/v2\/media?parent=9866"}],"curies":[{"name":"wp","href":"https:\/\/api.w.org\/{rel}","templated":true}]}}