{"id":9308,"date":"2024-07-24T15:11:05","date_gmt":"2024-07-24T19:11:05","guid":{"rendered":"https:\/\/ideomdiagroupe.com\/acti-sol\/contacter-lequipe-acti-sol\/"},"modified":"2026-01-20T09:24:09","modified_gmt":"2026-01-20T14:24:09","slug":"contact-acti-sols-team","status":"publish","type":"page","link":"https:\/\/acti-sol.ca\/en\/contact-acti-sols-team\/","title":{"rendered":"Contact"},"content":{"rendered":"\t\t<div data-elementor-type=\"wp-post\" data-elementor-id=\"9308\" class=\"elementor elementor-9308 elementor-5332\">\n\t\t\t\t<div class=\"elementor-element elementor-element-73e44cbc e-flex e-con-boxed e-con e-parent\" data-id=\"73e44cbc\" data-element_type=\"container\" data-settings=\"{&quot;background_background&quot;:&quot;classic&quot;}\">\n\t\t\t\t\t<div class=\"e-con-inner\">\n\t\t<div class=\"elementor-element elementor-element-406eff9 e-con-full e-flex e-con e-child\" data-id=\"406eff9\" data-element_type=\"container\">\n\t\t\t\t<div class=\"elementor-element elementor-element-64f41415 elementor-widget elementor-widget-heading\" data-id=\"64f41415\" data-element_type=\"widget\" data-widget_type=\"heading.default\">\n\t\t\t\t<div class=\"elementor-widget-container\">\n\t\t\t\t\t<h1 class=\"elementor-heading-title elementor-size-default\">Contact Acti-Sol\u2019s team<\/h1>\t\t\t\t<\/div>\n\t\t\t\t<\/div>\n\t\t\t\t<div class=\"elementor-element elementor-element-771cbc4a elementor-widget elementor-widget-text-editor\" data-id=\"771cbc4a\" data-element_type=\"widget\" data-widget_type=\"text-editor.default\">\n\t\t\t\t<div class=\"elementor-widget-container\">\n\t\t\t\t\t\t\t\t\t<div class=\"wpb_text_column wpb_content_element\"><div class=\"wpb_wrapper\"><p>For information or to order for the first time, do not hesitate to contact our sales office. Our representatives will be happy to direct you to Acti-Sol\u2019s products that are suitable for you garden.<\/p><\/div><\/div>\t\t\t\t\t\t\t\t<\/div>\n\t\t\t\t<\/div>\n\t\t\t\t<\/div>\n\t\t<div class=\"elementor-element elementor-element-86c47fc e-con-full e-flex e-con e-child\" data-id=\"86c47fc\" data-element_type=\"container\">\n\t\t<div class=\"elementor-element elementor-element-a15ccd3 e-con-full e-flex e-con e-child\" data-id=\"a15ccd3\" data-element_type=\"container\">\n\t\t\t\t<div class=\"elementor-element elementor-element-679df20 elementor-widget elementor-widget-heading\" data-id=\"679df20\" data-element_type=\"widget\" data-widget_type=\"heading.default\">\n\t\t\t\t<div class=\"elementor-widget-container\">\n\t\t\t\t\t<h2 class=\"elementor-heading-title elementor-size-default\">Sales office<\/h2>\t\t\t\t<\/div>\n\t\t\t\t<\/div>\n\t\t\t\t<div class=\"elementor-element elementor-element-30a0f01 elementor-widget elementor-widget-text-editor\" data-id=\"30a0f01\" data-element_type=\"widget\" data-widget_type=\"text-editor.default\">\n\t\t\t\t<div class=\"elementor-widget-container\">\n\t\t\t\t\t\t\t\t\t<p><strong>Acti-Sol inc.<\/strong><br \/>3483, 10e rang de Wendover<br \/>Notre-Dame-du-Bon-Conseil (Quebec)<br \/>J0C 1A0\u00ad<br \/>CANADA<\/p><p><strong>Phone: 819 336-4147<\/strong><br \/>Fax: 819 336-4041<\/p><p>Email:\u00a0<a href=\"mailto:info@acti-sol.ca\">info@acti-sol.ca<\/a><\/p>\t\t\t\t\t\t\t\t<\/div>\n\t\t\t\t<\/div>\n\t\t\t\t<\/div>\n\t\t<div class=\"elementor-element elementor-element-e9eedd4 e-con-full e-flex e-con e-child\" data-id=\"e9eedd4\" data-element_type=\"container\">\n\t\t\t\t<div class=\"elementor-element elementor-element-c2c6397 elementor-widget elementor-widget-heading\" data-id=\"c2c6397\" data-element_type=\"widget\" data-widget_type=\"heading.default\">\n\t\t\t\t<div class=\"elementor-widget-container\">\n\t\t\t\t\t<h2 class=\"elementor-heading-title elementor-size-default\">Our representatives<\/h2>\t\t\t\t<\/div>\n\t\t\t\t<\/div>\n\t\t\t\t<div class=\"elementor-element elementor-element-41b0f5a elementor-widget elementor-widget-text-editor\" data-id=\"41b0f5a\" data-element_type=\"widget\" data-widget_type=\"text-editor.default\">\n\t\t\t\t<div class=\"elementor-widget-container\">\n\t\t\t\t\t\t\t\t\t<p><strong>Anny-Sandra Hamel&nbsp;<\/strong><br>Territory served : Ontario,&nbsp; Maritimes and Western provinces<\/p>\n<p><strong>Karine Bellefeuille<\/strong><br>Territory served : Eastern Ontario, Maritimes, Outaouais and Western provinces<\/p>\n<p><strong>Susan Toivonen<\/strong><br>Territory served : Ontario and Western provinces<\/p>\n<p><strong>Chade Calv\u00e9<\/strong><br>Territory served : Mauricie, Centre of Qu\u00e9bec, National Capital region, Chaudi\u00e8res-Appalaches, Lanaudi\u00e8re, Laurentian region, C\u00f4te-Nord, Gaspesia, Saguenay-Lac St-Jean, Lower St-Laurence<\/p>\n<p style=\"font-size: 14px; font-style: normal; font-weight: 400;\"><span style=\"font-weight: 700;\">Christine Dionne<\/span><br>Territory served : Montr\u00e9al, Laval, Cantons de l\u2019Est, Estrie, Mont\u00e9r\u00e9gie, Abitibi-T\u00e9miscamingue<\/p>\n<p>&nbsp;<\/p>\t\t\t\t\t\t\t\t<\/div>\n\t\t\t\t<\/div>\n\t\t\t\t<\/div>\n\t\t\t\t<\/div>\n\t\t<div class=\"elementor-element elementor-element-710a3ccf e-con-full e-flex e-con e-child\" data-id=\"710a3ccf\" data-element_type=\"container\" data-settings=\"{&quot;background_background&quot;:&quot;classic&quot;}\">\n\t\t<div class=\"elementor-element elementor-element-42ef72c2 e-con-full e-flex e-con e-child\" data-id=\"42ef72c2\" data-element_type=\"container\">\n\t\t\t\t<div class=\"elementor-element elementor-element-b13d6dd elementor-widget elementor-widget-image\" data-id=\"b13d6dd\" data-element_type=\"widget\" data-widget_type=\"image.default\">\n\t\t\t\t<div class=\"elementor-widget-container\">\n\t\t\t\t\t\t\t\t\t\t\t\t\t\t\t<img decoding=\"async\" class=\"lazyload\" src=\"data:image\/gif;base64,R0lGODlhAQABAIAAAAAAAP\/\/\/yH5BAEAAAAALAAAAAABAAEAAAIBRAA7\" data-src=\"https:\/\/acti-sol.ca\/wp-content\/uploads\/elementor\/thumbs\/etoile-1-rhcyhact4c7nfjw9o5fejbzywihrhpr0hh64ckkwf8.png\" title=\"etoile-(1)\" alt=\"etoile-(1)\" loading=\"lazy\" \/><noscript><img decoding=\"async\" class=\"lazyload\" src=\"https:\/\/acti-sol.ca\/wp-content\/uploads\/elementor\/thumbs\/etoile-1-rhcyhact4c7nfjw9o5fejbzywihrhpr0hh64ckkwf8.png\" title=\"etoile-(1)\" alt=\"etoile-(1)\" loading=\"lazy\" \/><\/noscript>\t\t\t\t\t\t\t\t\t\t\t\t\t\t\t<\/div>\n\t\t\t\t<\/div>\n\t\t\t\t<\/div>\n\t\t<div class=\"elementor-element elementor-element-17b40c31 e-con-full e-flex e-con e-child\" data-id=\"17b40c31\" data-element_type=\"container\">\n\t\t\t\t<div class=\"elementor-element elementor-element-394eddc3 elementor-widget elementor-widget-text-editor\" data-id=\"394eddc3\" data-element_type=\"widget\" data-widget_type=\"text-editor.default\">\n\t\t\t\t<div class=\"elementor-widget-container\">\n\t\t\t\t\t\t\t\t\t<p>You are a producer and you would like to know if Acti-Sol\u2019s Mother Hen and Acadie fertilizer ranges are suitable for your garden?\u00a0<a href=\"https:\/\/acti-sol.ca\/en\/producers\/products\/#information-request\"><span style=\"color: #006a53;\">Fill out our information request now<\/span><\/a>!<\/p>\t\t\t\t\t\t\t\t<\/div>\n\t\t\t\t<\/div>\n\t\t\t\t<\/div>\n\t\t<div class=\"elementor-element elementor-element-45cce576 e-con-full e-flex e-con e-child\" data-id=\"45cce576\" data-element_type=\"container\">\n\t\t\t\t<div class=\"elementor-element elementor-element-748179df elementor-widget elementor-widget-image\" data-id=\"748179df\" data-element_type=\"widget\" data-widget_type=\"image.default\">\n\t\t\t\t<div class=\"elementor-widget-container\">\n\t\t\t\t\t\t\t\t\t\t\t\t\t\t\t<img decoding=\"async\" class=\"lazyload\" src=\"data:image\/gif;base64,R0lGODlhAQABAIAAAAAAAP\/\/\/yH5BAEAAAAALAAAAAABAAEAAAIBRAA7\" data-src=\"https:\/\/acti-sol.ca\/wp-content\/uploads\/elementor\/thumbs\/actisol-poule-logo-rhcyhe466n1ricg62wll7jswfxf36yz2nkjwasewmk.png\" title=\"actisol-poule-logo\" alt=\"actisol-poule-logo\" loading=\"lazy\" \/><noscript><img decoding=\"async\" class=\"lazyload\" src=\"https:\/\/acti-sol.ca\/wp-content\/uploads\/elementor\/thumbs\/actisol-poule-logo-rhcyhe466n1ricg62wll7jswfxf36yz2nkjwasewmk.png\" title=\"actisol-poule-logo\" alt=\"actisol-poule-logo\" loading=\"lazy\" \/><\/noscript>\t\t\t\t\t\t\t\t\t\t\t\t\t\t\t<\/div>\n\t\t\t\t<\/div>\n\t\t\t\t<\/div>\n\t\t\t\t<\/div>\n\t\t\t\t\t<\/div>\n\t\t\t\t<\/div>\n\t\t\t\t<\/div>\n\t\t","protected":false},"excerpt":{"rendered":"<p>Contact Acti-Sol\u2019s team For information or to order for the first time, do not hesitate to contact our sales office. Our representatives will be happy to direct you to Acti-Sol\u2019s products that are suitable for you garden. Sales office Acti-Sol inc.3483, 10e rang de WendoverNotre-Dame-du-Bon-Conseil (Quebec)J0C 1A0\u00adCANADA Phone: 819 336-4147Fax: 819 336-4041 Email:\u00a0info@acti-sol.ca Our representatives [&hellip;]<\/p>\n","protected":false},"author":1,"featured_media":0,"parent":0,"menu_order":0,"comment_status":"closed","ping_status":"closed","template":"","meta":{"site-sidebar-layout":"no-sidebar","site-content-layout":"page-builder","ast-site-content-layout":"full-width-container","site-content-style":"unboxed","site-sidebar-style":"unboxed","ast-global-header-display":"","ast-banner-title-visibility":"","ast-main-header-display":"","ast-hfb-above-header-display":"","ast-hfb-below-header-display":"","ast-hfb-mobile-header-display":"","site-post-title":"disabled","ast-breadcrumbs-content":"","ast-featured-img":"disabled","footer-sml-layout":"","theme-transparent-header-meta":"enabled","adv-header-id-meta":"","stick-header-meta":"","header-above-stick-meta":"","header-main-stick-meta":"","header-below-stick-meta":"","astra-migrate-meta-layouts":"set","ast-page-background-enabled":"default","ast-page-background-meta":{"desktop":{"background-color":"","background-image":"","background-repeat":"repeat","background-position":"center center","background-size":"auto","background-attachment":"scroll","background-type":"","background-media":"","overlay-type":"","overlay-color":"","overlay-opacity":"","overlay-gradient":""},"tablet":{"background-color":"","background-image":"","background-repeat":"repeat","background-position":"center center","background-size":"auto","background-attachment":"scroll","background-type":"","background-media":"","overlay-type":"","overlay-color":"","overlay-opacity":"","overlay-gradient":""},"mobile":{"background-color":"","background-image":"","background-repeat":"repeat","background-position":"center center","background-size":"auto","background-attachment":"scroll","background-type":"","background-media":"","overlay-type":"","overlay-color":"","overlay-opacity":"","overlay-gradient":""}},"ast-content-background-meta":{"desktop":{"background-color":"var(--ast-global-color-5)","background-image":"","background-repeat":"repeat","background-position":"center center","background-size":"auto","background-attachment":"scroll","background-type":"","background-media":"","overlay-type":"","overlay-color":"","overlay-opacity":"","overlay-gradient":""},"tablet":{"background-color":"var(--ast-global-color-5)","background-image":"","background-repeat":"repeat","background-position":"center center","background-size":"auto","background-attachment":"scroll","background-type":"","background-media":"","overlay-type":"","overlay-color":"","overlay-opacity":"","overlay-gradient":""},"mobile":{"background-color":"var(--ast-global-color-5)","background-image":"","background-repeat":"repeat","background-position":"center center","background-size":"auto","background-attachment":"scroll","background-type":"","background-media":"","overlay-type":"","overlay-color":"","overlay-opacity":"","overlay-gradient":""}},"footnotes":""},"class_list":["post-9308","page","type-page","status-publish","hentry"],"yoast_head":"<!-- This site is optimized with the Yoast SEO plugin v26.7 - https:\/\/yoast.com\/wordpress\/plugins\/seo\/ -->\n<title>Contact - Acti-Sol<\/title>\n<meta name=\"robots\" content=\"index, follow, max-snippet:-1, max-image-preview:large, max-video-preview:-1\" \/>\n<link rel=\"canonical\" href=\"https:\/\/acti-sol.ca\/en\/contact-acti-sols-team\/\" \/>\n<meta property=\"og:locale\" content=\"en_US\" \/>\n<meta property=\"og:type\" content=\"article\" \/>\n<meta property=\"og:title\" content=\"Contact - Acti-Sol\" \/>\n<meta property=\"og:description\" content=\"Contact Acti-Sol\u2019s team For information or to order for the first time, do not hesitate to contact our sales office. Our representatives will be happy to direct you to Acti-Sol\u2019s products that are suitable for you garden. Sales office Acti-Sol inc.3483, 10e rang de WendoverNotre-Dame-du-Bon-Conseil (Quebec)J0C 1A0\u00adCANADA Phone: 819 336-4147Fax: 819 336-4041 Email:\u00a0info@acti-sol.ca Our representatives [&hellip;]\" \/>\n<meta property=\"og:url\" content=\"https:\/\/acti-sol.ca\/en\/contact-acti-sols-team\/\" \/>\n<meta property=\"og:site_name\" content=\"Acti-Sol\" \/>\n<meta property=\"article:publisher\" content=\"https:\/\/www.facebook.com\/engrais.actisol\/\" \/>\n<meta property=\"article:modified_time\" content=\"2026-01-20T14:24:09+00:00\" \/>\n<meta property=\"og:image\" content=\"https:\/\/acti-sol.ca\/wp-content\/uploads\/elementor\/thumbs\/etoile-1-rhcyhact4c7nfjw9o5fejbzywihrhpr0hh64ckkwf8.png\" \/>\n<meta name=\"twitter:card\" content=\"summary_large_image\" \/>\n<meta name=\"twitter:site\" content=\"@engraisACTISOL\" \/>\n<meta name=\"twitter:label1\" content=\"Est. reading time\" \/>\n\t<meta name=\"twitter:data1\" content=\"2 minutes\" \/>\n<script type=\"application\/ld+json\" class=\"yoast-schema-graph\">{\"@context\":\"https:\/\/schema.org\",\"@graph\":[{\"@type\":\"WebPage\",\"@id\":\"https:\/\/acti-sol.ca\/en\/contact-acti-sols-team\/\",\"url\":\"https:\/\/acti-sol.ca\/en\/contact-acti-sols-team\/\",\"name\":\"Contact - Acti-Sol\",\"isPartOf\":{\"@id\":\"https:\/\/acti-sol.ca\/en\/#website\"},\"primaryImageOfPage\":{\"@id\":\"https:\/\/acti-sol.ca\/en\/contact-acti-sols-team\/#primaryimage\"},\"image\":{\"@id\":\"https:\/\/acti-sol.ca\/en\/contact-acti-sols-team\/#primaryimage\"},\"thumbnailUrl\":\"https:\/\/acti-sol.ca\/wp-content\/uploads\/elementor\/thumbs\/etoile-1-rhcyhact4c7nfjw9o5fejbzywihrhpr0hh64ckkwf8.png\",\"datePublished\":\"2024-07-24T19:11:05+00:00\",\"dateModified\":\"2026-01-20T14:24:09+00:00\",\"breadcrumb\":{\"@id\":\"https:\/\/acti-sol.ca\/en\/contact-acti-sols-team\/#breadcrumb\"},\"inLanguage\":\"en-US\",\"potentialAction\":[{\"@type\":\"ReadAction\",\"target\":[\"https:\/\/acti-sol.ca\/en\/contact-acti-sols-team\/\"]}]},{\"@type\":\"ImageObject\",\"inLanguage\":\"en-US\",\"@id\":\"https:\/\/acti-sol.ca\/en\/contact-acti-sols-team\/#primaryimage\",\"url\":\"https:\/\/acti-sol.ca\/wp-content\/uploads\/elementor\/thumbs\/etoile-1-rhcyhact4c7nfjw9o5fejbzywihrhpr0hh64ckkwf8.png\",\"contentUrl\":\"https:\/\/acti-sol.ca\/wp-content\/uploads\/elementor\/thumbs\/etoile-1-rhcyhact4c7nfjw9o5fejbzywihrhpr0hh64ckkwf8.png\"},{\"@type\":\"BreadcrumbList\",\"@id\":\"https:\/\/acti-sol.ca\/en\/contact-acti-sols-team\/#breadcrumb\",\"itemListElement\":[{\"@type\":\"ListItem\",\"position\":1,\"name\":\"Accueil\",\"item\":\"https:\/\/acti-sol.ca\/en\/\"},{\"@type\":\"ListItem\",\"position\":2,\"name\":\"Contact\"}]},{\"@type\":\"WebSite\",\"@id\":\"https:\/\/acti-sol.ca\/en\/#website\",\"url\":\"https:\/\/acti-sol.ca\/en\/\",\"name\":\"Acti-Sol\",\"description\":\"\",\"publisher\":{\"@id\":\"https:\/\/acti-sol.ca\/en\/#organization\"},\"potentialAction\":[{\"@type\":\"SearchAction\",\"target\":{\"@type\":\"EntryPoint\",\"urlTemplate\":\"https:\/\/acti-sol.ca\/en\/?s={search_term_string}\"},\"query-input\":{\"@type\":\"PropertyValueSpecification\",\"valueRequired\":true,\"valueName\":\"search_term_string\"}}],\"inLanguage\":\"en-US\"},{\"@type\":\"Organization\",\"@id\":\"https:\/\/acti-sol.ca\/en\/#organization\",\"name\":\"Acti-Sol\",\"url\":\"https:\/\/acti-sol.ca\/en\/\",\"logo\":{\"@type\":\"ImageObject\",\"inLanguage\":\"en-US\",\"@id\":\"https:\/\/acti-sol.ca\/en\/#\/schema\/logo\/image\/\",\"url\":\"https:\/\/acti-sol.ca\/wp-content\/uploads\/2024\/07\/logo-acti-sol-engrais-naturel-fr.svg\",\"contentUrl\":\"https:\/\/acti-sol.ca\/wp-content\/uploads\/2024\/07\/logo-acti-sol-engrais-naturel-fr.svg\",\"width\":241,\"height\":132,\"caption\":\"Acti-Sol\"},\"image\":{\"@id\":\"https:\/\/acti-sol.ca\/en\/#\/schema\/logo\/image\/\"},\"sameAs\":[\"https:\/\/www.facebook.com\/engrais.actisol\/\",\"https:\/\/x.com\/engraisACTISOL\",\"https:\/\/www.youtube.com\/channel\/UCr5F6jkGCm-YfTHfMEM1eig\",\"https:\/\/www.pinterest.ca\/actisol\/\"]}]}<\/script>\n<!-- \/ Yoast SEO plugin. -->","yoast_head_json":{"title":"Contact - Acti-Sol","robots":{"index":"index","follow":"follow","max-snippet":"max-snippet:-1","max-image-preview":"max-image-preview:large","max-video-preview":"max-video-preview:-1"},"canonical":"https:\/\/acti-sol.ca\/en\/contact-acti-sols-team\/","og_locale":"en_US","og_type":"article","og_title":"Contact - Acti-Sol","og_description":"Contact Acti-Sol\u2019s team For information or to order for the first time, do not hesitate to contact our sales office. Our representatives will be happy to direct you to Acti-Sol\u2019s products that are suitable for you garden. Sales office Acti-Sol inc.3483, 10e rang de WendoverNotre-Dame-du-Bon-Conseil (Quebec)J0C 1A0\u00adCANADA Phone: 819 336-4147Fax: 819 336-4041 Email:\u00a0info@acti-sol.ca Our representatives [&hellip;]","og_url":"https:\/\/acti-sol.ca\/en\/contact-acti-sols-team\/","og_site_name":"Acti-Sol","article_publisher":"https:\/\/www.facebook.com\/engrais.actisol\/","article_modified_time":"2026-01-20T14:24:09+00:00","og_image":[{"url":"https:\/\/acti-sol.ca\/wp-content\/uploads\/elementor\/thumbs\/etoile-1-rhcyhact4c7nfjw9o5fejbzywihrhpr0hh64ckkwf8.png","type":"","width":"","height":""}],"twitter_card":"summary_large_image","twitter_site":"@engraisACTISOL","twitter_misc":{"Est. reading time":"2 minutes"},"schema":{"@context":"https:\/\/schema.org","@graph":[{"@type":"WebPage","@id":"https:\/\/acti-sol.ca\/en\/contact-acti-sols-team\/","url":"https:\/\/acti-sol.ca\/en\/contact-acti-sols-team\/","name":"Contact - Acti-Sol","isPartOf":{"@id":"https:\/\/acti-sol.ca\/en\/#website"},"primaryImageOfPage":{"@id":"https:\/\/acti-sol.ca\/en\/contact-acti-sols-team\/#primaryimage"},"image":{"@id":"https:\/\/acti-sol.ca\/en\/contact-acti-sols-team\/#primaryimage"},"thumbnailUrl":"https:\/\/acti-sol.ca\/wp-content\/uploads\/elementor\/thumbs\/etoile-1-rhcyhact4c7nfjw9o5fejbzywihrhpr0hh64ckkwf8.png","datePublished":"2024-07-24T19:11:05+00:00","dateModified":"2026-01-20T14:24:09+00:00","breadcrumb":{"@id":"https:\/\/acti-sol.ca\/en\/contact-acti-sols-team\/#breadcrumb"},"inLanguage":"en-US","potentialAction":[{"@type":"ReadAction","target":["https:\/\/acti-sol.ca\/en\/contact-acti-sols-team\/"]}]},{"@type":"ImageObject","inLanguage":"en-US","@id":"https:\/\/acti-sol.ca\/en\/contact-acti-sols-team\/#primaryimage","url":"https:\/\/acti-sol.ca\/wp-content\/uploads\/elementor\/thumbs\/etoile-1-rhcyhact4c7nfjw9o5fejbzywihrhpr0hh64ckkwf8.png","contentUrl":"https:\/\/acti-sol.ca\/wp-content\/uploads\/elementor\/thumbs\/etoile-1-rhcyhact4c7nfjw9o5fejbzywihrhpr0hh64ckkwf8.png"},{"@type":"BreadcrumbList","@id":"https:\/\/acti-sol.ca\/en\/contact-acti-sols-team\/#breadcrumb","itemListElement":[{"@type":"ListItem","position":1,"name":"Accueil","item":"https:\/\/acti-sol.ca\/en\/"},{"@type":"ListItem","position":2,"name":"Contact"}]},{"@type":"WebSite","@id":"https:\/\/acti-sol.ca\/en\/#website","url":"https:\/\/acti-sol.ca\/en\/","name":"Acti-Sol","description":"","publisher":{"@id":"https:\/\/acti-sol.ca\/en\/#organization"},"potentialAction":[{"@type":"SearchAction","target":{"@type":"EntryPoint","urlTemplate":"https:\/\/acti-sol.ca\/en\/?s={search_term_string}"},"query-input":{"@type":"PropertyValueSpecification","valueRequired":true,"valueName":"search_term_string"}}],"inLanguage":"en-US"},{"@type":"Organization","@id":"https:\/\/acti-sol.ca\/en\/#organization","name":"Acti-Sol","url":"https:\/\/acti-sol.ca\/en\/","logo":{"@type":"ImageObject","inLanguage":"en-US","@id":"https:\/\/acti-sol.ca\/en\/#\/schema\/logo\/image\/","url":"https:\/\/acti-sol.ca\/wp-content\/uploads\/2024\/07\/logo-acti-sol-engrais-naturel-fr.svg","contentUrl":"https:\/\/acti-sol.ca\/wp-content\/uploads\/2024\/07\/logo-acti-sol-engrais-naturel-fr.svg","width":241,"height":132,"caption":"Acti-Sol"},"image":{"@id":"https:\/\/acti-sol.ca\/en\/#\/schema\/logo\/image\/"},"sameAs":["https:\/\/www.facebook.com\/engrais.actisol\/","https:\/\/x.com\/engraisACTISOL","https:\/\/www.youtube.com\/channel\/UCr5F6jkGCm-YfTHfMEM1eig","https:\/\/www.pinterest.ca\/actisol\/"]}]}},"jetpack_sharing_enabled":true,"rttpg_featured_image_url":null,"rttpg_author":{"display_name":"ideo01","author_link":"https:\/\/acti-sol.ca\/en\/author\/ideo01\/"},"rttpg_comment":0,"rttpg_category":" <a href=\"https:\/\/acti-sol.ca\/en\/?taxonomy=translation_priority&#038;term=optional-2\" rel=\"tag\">Optional<\/a>","rttpg_excerpt":"Contact Acti-Sol\u2019s team For information or to order for the first time, do not hesitate to contact our sales office. Our representatives will be happy to direct you to Acti-Sol\u2019s products that are suitable for you garden. Sales office Acti-Sol inc.3483, 10e rang de WendoverNotre-Dame-du-Bon-Conseil (Quebec)J0C 1A0\u00adCANADA Phone: 819 336-4147Fax: 819 336-4041 Email:\u00a0info@acti-sol.ca Our representatives&hellip;","_links":{"self":[{"href":"https:\/\/acti-sol.ca\/en\/wp-json\/wp\/v2\/pages\/9308","targetHints":{"allow":["GET"]}}],"collection":[{"href":"https:\/\/acti-sol.ca\/en\/wp-json\/wp\/v2\/pages"}],"about":[{"href":"https:\/\/acti-sol.ca\/en\/wp-json\/wp\/v2\/types\/page"}],"author":[{"embeddable":true,"href":"https:\/\/acti-sol.ca\/en\/wp-json\/wp\/v2\/users\/1"}],"replies":[{"embeddable":true,"href":"https:\/\/acti-sol.ca\/en\/wp-json\/wp\/v2\/comments?post=9308"}],"version-history":[{"count":12,"href":"https:\/\/acti-sol.ca\/en\/wp-json\/wp\/v2\/pages\/9308\/revisions"}],"predecessor-version":[{"id":92420,"href":"https:\/\/acti-sol.ca\/en\/wp-json\/wp\/v2\/pages\/9308\/revisions\/92420"}],"wp:attachment":[{"href":"https:\/\/acti-sol.ca\/en\/wp-json\/wp\/v2\/media?parent=9308"}],"curies":[{"name":"wp","href":"https:\/\/api.w.org\/{rel}","templated":true}]}}